{"id":2180,"date":"2020-11-25T18:34:47","date_gmt":"2020-11-25T18:34:47","guid":{"rendered":"https:\/\/apapy.org\/sjapa\/?page_id=2180"},"modified":"2020-12-15T23:05:04","modified_gmt":"2020-12-15T23:05:04","slug":"gracias","status":"publish","type":"page","link":"https:\/\/apapy.org\/sjapa\/gracias\/","title":{"rendered":"Gracias"},"content":{"rendered":"<div class=\"wpb-content-wrapper\">[vc_row full_width=\u00bbstretch_row_content\u00bb content_placement=\u00bbmiddle\u00bb column_spacing=\u00bb0px\u00bb equal_height=\u00bbyes\u00bb typography_style=\u00bbwhite\u00bb remove_bottom_col_margin=\u00bbtrue\u00bb css=\u00bb.vc_custom_1608068763349{background-image: url(https:\/\/apapy.org\/sjapa\/wp-content\/uploads\/2020\/11\/Paginas-Sitio-Web-APA-03-scaled-e1606401009653.jpg?id=2279) !important;background-position: center !important;background-repeat: no-repeat !important;background-size: cover !important;}\u00bb][vc_column width=\u00bb1\/2&#8243; offset=\u00bbvc_hidden-sm vc_hidden-xs\u00bb css=\u00bb.vc_custom_1608068997488{margin-top: 10% !important;margin-bottom: 10% !important;}\u00bb][vc_single_image image=\u00bb2879&#8243; alignment=\u00bbcenter\u00bb css=\u00bb.vc_custom_1608069047041{margin-right: 10% !important;margin-left: 20% !important;}\u00bb][\/vc_column][vc_column width=\u00bb1\/2&#8243; css=\u00bb.vc_custom_1608068985256{margin-top: 10% !important;margin-bottom: 10% !important;border-left-width: 2px !important;border-left-color: #ffffff !important;border-left-style: solid !important;}\u00bb offset=\u00bbvc_hidden-sm vc_hidden-xs\u00bb][vc_column_text responsive_text=\u00bbtrue\u00bb font_family=\u00bbMontserrat\u00bb font_size=\u00bb24&#8243; width=\u00bb60%\u00bb css=\u00bb.vc_custom_1608069760337{margin-right: 20% !important;margin-left: 10% !important;}\u00bb min_font_size=\u00bb12&#8243; text_align=\u00bbleft\u00bb align=\u00bbleft\u00bb]Gracias por honrar el derecho de autor, dignificar el trabajo creativo y reconocer<br \/>\nla importancia de las canciones. Esperamos que toda la ciudadan\u00eda siga este ejemplo y d\u00e9 a la m\u00fasica el valor que se merece.[\/vc_column_text][\/vc_column][\/vc_row][vc_row full_width=\u00bbstretch_row_content\u00bb content_placement=\u00bbmiddle\u00bb column_spacing=\u00bb0px\u00bb equal_height=\u00bbyes\u00bb typography_style=\u00bbwhite\u00bb remove_bottom_col_margin=\u00bbtrue\u00bb css=\u00bb.vc_custom_1608068694101{background-image: url(https:\/\/apapy.org\/sjapa\/wp-content\/uploads\/2020\/11\/Paginas-Sitio-Web-APA-03-scaled-e1606401009653.jpg?id=2279) !important;background-position: center !important;background-repeat: no-repeat !important;background-size: cover !important;}\u00bb][vc_column width=\u00bb1\/2&#8243; offset=\u00bbvc_hidden-lg vc_hidden-md\u00bb][vc_single_image image=\u00bb2879&#8243; alignment=\u00bbcenter\u00bb css=\u00bb.vc_custom_1608070083862{margin-top: 10px !important;margin-right: 10% !important;margin-bottom: 10px !important;margin-left: 10% !important;}\u00bb][\/vc_column][vc_column width=\u00bb1\/2&#8243; offset=\u00bbvc_hidden-lg vc_hidden-md\u00bb][vc_column_text responsive_text=\u00bbtrue\u00bb font_family=\u00bbMontserrat\u00bb font_size=\u00bb16&#8243; min_font_size=\u00bb12&#8243; css=\u00bb.vc_custom_1608069977977{margin-top: 10px !important;margin-right: 10% !important;margin-bottom: 10px !important;margin-left: 10% !important;}\u00bb]Gracias por honrar el derecho de autor, dignificar el trabajo creativo y reconocer<br \/>\nla importancia de las canciones. Esperamos que toda la ciudadan\u00eda siga este ejemplo y d\u00e9 a la m\u00fasica el valor que se merece.[\/vc_column_text][\/vc_column][\/vc_row][vc_row full_width=\u00bbstretch_row_content\u00bb content_placement=\u00bbmiddle\u00bb equal_height=\u00bbyes\u00bb remove_bottom_col_margin=\u00bbtrue\u00bb css=\u00bb.vc_custom_1607331985126{padding-right: 15% !important;padding-left: 15% !important;background-image: url(https:\/\/apapy.org\/sjapa\/wp-content\/uploads\/2020\/11\/fondo-marmoleado.jpg?id=2292) !important;background-position: center !important;background-repeat: no-repeat !important;background-size: cover !important;}\u00bb][vc_column css=\u00bb.vc_custom_1606334346745{padding-left: 0px !important;}\u00bb][vc_single_image image=\u00bb3011&#8243; alignment=\u00bbcenter\u00bb][\/vc_column][vc_column width=\u00bb1\/6&#8243;][vc_single_image image=\u00bb3510&#8243; alignment=\u00bbcenter\u00bb css=\u00bb.vc_custom_1608072979245{margin-top: 5px !important;margin-right: 5px !important;margin-bottom: 5px !important;margin-left: 5px !important;}\u00bb][\/vc_column][vc_column width=\u00bb1\/6&#8243;][vc_single_image image=\u00bb3509&#8243; alignment=\u00bbcenter\u00bb css=\u00bb.vc_custom_1608072989826{margin-top: 5px !important;margin-right: 5px !important;margin-bottom: 5px !important;margin-left: 5px !important;}\u00bb][\/vc_column][vc_column width=\u00bb1\/6&#8243;][vc_single_image image=\u00bb3493&#8243; alignment=\u00bbcenter\u00bb css=\u00bb.vc_custom_1608073005227{margin-top: 5px !important;margin-right: 5px !important;margin-bottom: 5px !important;margin-left: 5px !important;}\u00bb][\/vc_column][vc_column width=\u00bb1\/6&#8243;][vc_single_image image=\u00bb3494&#8243; alignment=\u00bbcenter\u00bb css=\u00bb.vc_custom_1608073016642{margin-top: 5px !important;margin-right: 5px !important;margin-bottom: 5px !important;margin-left: 5px !important;}\u00bb][\/vc_column][vc_column width=\u00bb1\/6&#8243;][vc_single_image image=\u00bb3512&#8243; alignment=\u00bbcenter\u00bb css=\u00bb.vc_custom_1608073169196{margin-top: 5px !important;margin-right: 5px !important;margin-bottom: 5px !important;margin-left: 5px !important;}\u00bb][\/vc_column][vc_column width=\u00bb1\/6&#8243;][vc_single_image image=\u00bb3508&#8243; alignment=\u00bbcenter\u00bb css=\u00bb.vc_custom_1608073197947{margin-top: 5px !important;margin-right: 5px !important;margin-bottom: 5px !important;margin-left: 5px !important;}\u00bb][\/vc_column][vc_column width=\u00bb1\/5&#8243;][vc_single_image image=\u00bb3506&#8243; alignment=\u00bbcenter\u00bb css=\u00bb.vc_custom_1608073228618{margin-top: 5px !important;margin-right: 5px !important;margin-bottom: 5px !important;margin-left: 5px !important;}\u00bb][vc_single_image image=\u00bb3492&#8243; alignment=\u00bbcenter\u00bb css=\u00bb.vc_custom_1608073305795{margin-top: 5px !important;margin-right: 5px !important;margin-bottom: 5px !important;margin-left: 5px !important;}\u00bb][vc_single_image image=\u00bb3500&#8243; alignment=\u00bbcenter\u00bb css=\u00bb.vc_custom_1608073381611{margin-top: 5px !important;margin-right: 5px !important;margin-bottom: 5px !important;margin-left: 5px !important;}\u00bb][\/vc_column][vc_column width=\u00bb1\/5&#8243;][vc_single_image image=\u00bb3495&#8243; alignment=\u00bbcenter\u00bb css=\u00bb.vc_custom_1608073249867{margin-top: 5px !important;margin-right: 5px !important;margin-bottom: 5px !important;margin-left: 5px !important;}\u00bb][vc_single_image image=\u00bb3511&#8243; alignment=\u00bbcenter\u00bb css=\u00bb.vc_custom_1608073326637{margin-top: 5px !important;margin-right: 5px !important;margin-bottom: 5px !important;margin-left: 5px !important;}\u00bb][vc_single_image image=\u00bb3501&#8243; alignment=\u00bbcenter\u00bb css=\u00bb.vc_custom_1608073392948{margin-top: 5px !important;margin-right: 5px !important;margin-bottom: 5px !important;margin-left: 5px !important;}\u00bb][\/vc_column][vc_column width=\u00bb1\/5&#8243;][vc_single_image image=\u00bb3502&#8243; alignment=\u00bbcenter\u00bb css=\u00bb.vc_custom_1608073261837{margin-top: 5px !important;margin-right: 5px !important;margin-bottom: 5px !important;margin-left: 5px !important;}\u00bb][vc_single_image image=\u00bb3504&#8243; alignment=\u00bbcenter\u00bb css=\u00bb.vc_custom_1608073339485{margin-top: 5px !important;margin-right: 5px !important;margin-bottom: 5px !important;margin-left: 5px !important;}\u00bb][vc_single_image image=\u00bb3491&#8243; alignment=\u00bbcenter\u00bb css=\u00bb.vc_custom_1608073404659{margin-top: 5px !important;margin-right: 5px !important;margin-bottom: 5px !important;margin-left: 5px !important;}\u00bb][\/vc_column][vc_column width=\u00bb1\/5&#8243;][vc_single_image image=\u00bb3499&#8243; alignment=\u00bbcenter\u00bb css=\u00bb.vc_custom_1608073275603{margin-top: 5px !important;margin-right: 5px !important;margin-bottom: 5px !important;margin-left: 5px !important;}\u00bb][vc_single_image image=\u00bb3503&#8243; alignment=\u00bbcenter\u00bb css=\u00bb.vc_custom_1608073351372{margin-top: 5px !important;margin-right: 5px !important;margin-bottom: 5px !important;margin-left: 5px !important;}\u00bb][vc_single_image image=\u00bb3498&#8243; alignment=\u00bbcenter\u00bb css=\u00bb.vc_custom_1608073417011{margin-top: 5px !important;margin-right: 5px !important;margin-bottom: 5px !important;margin-left: 5px !important;}\u00bb][\/vc_column][vc_column width=\u00bb1\/5&#8243;][vc_single_image image=\u00bb3497&#8243; alignment=\u00bbcenter\u00bb css=\u00bb.vc_custom_1608073290345{margin-top: 5px !important;margin-right: 5px !important;margin-bottom: 5px !important;margin-left: 5px !important;}\u00bb][vc_single_image image=\u00bb3505&#8243; alignment=\u00bbcenter\u00bb css=\u00bb.vc_custom_1608073498019{margin-top: 5px !important;margin-right: 5px !important;margin-bottom: 5px !important;margin-left: 5px !important;}\u00bb][vc_single_image image=\u00bb3496&#8243; alignment=\u00bbcenter\u00bb css=\u00bb.vc_custom_1608073432572{margin-top: 5px !important;margin-right: 5px !important;margin-bottom: 5px !important;margin-left: 5px !important;}\u00bb][\/vc_column][\/vc_row][vc_row full_width=\u00bbstretch_row_content_no_spaces\u00bb content_placement=\u00bbbottom\u00bb remove_bottom_col_margin=\u00bbtrue\u00bb css=\u00bb.vc_custom_1607332436196{background-image: url(https:\/\/apapy.org\/sjapa\/wp-content\/uploads\/2020\/11\/fondo-marmoleado.jpg?id=2292) !important;background-position: center !important;background-repeat: no-repeat !important;background-size: cover !important;}\u00bb][vc_column][vc_single_image image=\u00bb3014&#8243;][\/vc_column][\/vc_row][vc_row full_width=\u00bbstretch_row\u00bb content_placement=\u00bbmiddle\u00bb typography_style=\u00bbwhite\u00bb remove_bottom_col_margin=\u00bbtrue\u00bb css=\u00bb.vc_custom_1608070253238{background-color: #7793c4 !important;}\u00bb][vc_column offset=\u00bbvc_hidden-sm vc_hidden-xs\u00bb css=\u00bb.vc_custom_1608070294856{margin-top: 100px !important;margin-bottom: 100px !important;}\u00bb]<div class=\"vcex-module vcex-icon-box vcex-icon-box-one wpex-relative wpex-flex wpex-items-center wpex-text-left\"><div class=\"vcex-icon-box-symbol wpex-flex-shrink-0 wpex-mr-50\"><img decoding=\"async\" loading=\"lazy\" class=\"vcex-icon-box-image wpex-align-middle\" src=\"https:\/\/apapy.org\/sjapa\/wp-content\/uploads\/2020\/12\/escudo-gracias-250x250.png\" alt=\"\" width=\"250\" height=\"250\" \/><\/div><div class=\"vcex-icon-box-text wpex-flex-grow\"><h2 class=\"vcex-icon-box-heading wpex-heading wpex-text-md wpex-mb-10\" style=\"font-family:Montserrat;font-weight:700;\" data-wpex-rcss='{&quot;font-size&quot;:{&quot;d&quot;:&quot;28px&quot;,&quot;pl&quot;:&quot;14px&quot;,&quot;pp&quot;:&quot;14px&quot;}}'>Somos la entidad autorizada para otorgar la licencia de utilizaci\u00f3n de obras musicales.<\/h2><div class=\"vcex-icon-box-content wpex-last-mb-0 wpex-clr\" style=\"font-weight:400;\" data-wpex-rcss='{&quot;font-size&quot;:{&quot;d&quot;:&quot;24px&quot;,&quot;pl&quot;:&quot;12px&quot;,&quot;pp&quot;:&quot;12px&quot;}}'><p>APA es una sociedad de gesti\u00f3n colectiva que recauda, administra, liquida y distribuye las regal\u00edas que son generadas por el uso comercial de obras de sus socios y representados.<\/p>\n<\/div><\/div><\/div>[vc_empty_space]<div class=\"vcex-module vcex-icon-box vcex-icon-box-one wpex-relative wpex-flex wpex-items-center wpex-text-left\"><div class=\"vcex-icon-box-symbol wpex-flex-shrink-0 wpex-mr-50\"><img decoding=\"async\" loading=\"lazy\" class=\"vcex-icon-box-image wpex-align-middle\" src=\"https:\/\/apapy.org\/sjapa\/wp-content\/uploads\/2020\/12\/unidos-gracias-250x250.png\" alt=\"\" width=\"250\" height=\"250\" \/><\/div><div class=\"vcex-icon-box-text wpex-flex-grow\"><h2 class=\"vcex-icon-box-heading wpex-heading wpex-text-md wpex-mb-10\" style=\"font-family:Montserrat;font-weight:700;\" data-wpex-rcss='{&quot;font-size&quot;:{&quot;d&quot;:&quot;28px&quot;,&quot;pl&quot;:&quot;14px&quot;,&quot;pp&quot;:&quot;14px&quot;}}'>\u00bfTe sum\u00e1s?<\/h2><div class=\"vcex-icon-box-content wpex-last-mb-0 wpex-clr\" style=\"font-weight:400;\" data-wpex-rcss='{&quot;font-size&quot;:{&quot;d&quot;:&quot;24px&quot;,&quot;pl&quot;:&quot;12px&quot;,&quot;pp&quot;:&quot;12px&quot;}}'><p>Comunicate con nosotros para saber si el uso que hac\u00e9s de la m\u00fasica requiere un pago de licencia, dando el reconocimiento correspondiente a los autores nacionales e internacionales.<\/p>\n<\/div><\/div><\/div>[\/vc_column][\/vc_row][vc_row full_width=\u00bbstretch_row\u00bb content_placement=\u00bbmiddle\u00bb typography_style=\u00bbwhite\u00bb remove_bottom_col_margin=\u00bbtrue\u00bb css=\u00bb.vc_custom_1608070240774{background-color: #7793c4 !important;}\u00bb][vc_column offset=\u00bbvc_hidden-lg vc_hidden-md\u00bb css=\u00bb.vc_custom_1608070347897{margin-top: 20px !important;margin-bottom: 20px !important;}\u00bb]<div class=\"vcex-module vcex-icon-box vcex-icon-box-one wpex-relative wpex-flex wpex-items-center wpex-text-left\"><div class=\"vcex-icon-box-symbol wpex-flex-shrink-0 wpex-mr-50\"><img decoding=\"async\" src=\"https:\/\/apapy.org\/sjapa\/wp-content\/uploads\/2020\/12\/escudo-gracias.png\" alt='' class=\"vcex-icon-box-image wpex-align-middle\" style=\"height:68px;\" \/><\/div><div class=\"vcex-icon-box-text wpex-flex-grow\"><h2 class=\"vcex-icon-box-heading wpex-heading wpex-text-md wpex-mb-10\" style=\"font-family:Montserrat;font-weight:700;\" data-wpex-rcss='{&quot;font-size&quot;:{&quot;d&quot;:&quot;28px&quot;,&quot;pl&quot;:&quot;14px&quot;,&quot;pp&quot;:&quot;14px&quot;}}'>Somos la entidad autorizada para otorgar la licencia de utilizaci\u00f3n de obras musicales.<\/h2><div class=\"vcex-icon-box-content wpex-last-mb-0 wpex-clr\" style=\"font-weight:400;\" data-wpex-rcss='{&quot;font-size&quot;:{&quot;d&quot;:&quot;24px&quot;,&quot;pl&quot;:&quot;12px&quot;,&quot;pp&quot;:&quot;12px&quot;}}'><p>APA es una sociedad de gesti\u00f3n colectiva que recauda, administra, liquida y distribuye las regal\u00edas que son generadas por el uso comercial de obras de sus socios y representados.<\/p>\n<\/div><\/div><\/div>[vc_empty_space]<div class=\"vcex-module vcex-icon-box vcex-icon-box-one wpex-relative wpex-flex wpex-items-center wpex-text-left\"><div class=\"vcex-icon-box-symbol wpex-flex-shrink-0 wpex-mr-50\"><img decoding=\"async\" src=\"https:\/\/apapy.org\/sjapa\/wp-content\/uploads\/2020\/12\/unidos-gracias.png\" alt='' class=\"vcex-icon-box-image wpex-align-middle\" style=\"height:68px;\" \/><\/div><div class=\"vcex-icon-box-text wpex-flex-grow\"><h2 class=\"vcex-icon-box-heading wpex-heading wpex-text-md wpex-mb-10\" style=\"font-family:Montserrat;font-weight:700;\" data-wpex-rcss='{&quot;font-size&quot;:{&quot;d&quot;:&quot;28px&quot;,&quot;pl&quot;:&quot;14px&quot;,&quot;pp&quot;:&quot;14px&quot;}}'>\u00bfTe sum\u00e1s?<\/h2><div class=\"vcex-icon-box-content wpex-last-mb-0 wpex-clr\" style=\"font-weight:400;\" data-wpex-rcss='{&quot;font-size&quot;:{&quot;d&quot;:&quot;24px&quot;,&quot;pl&quot;:&quot;12px&quot;,&quot;pp&quot;:&quot;12px&quot;}}'><p>Comunicate con nosotros para saber si el uso que hac\u00e9s de la m\u00fasica requiere un pago de licencia, dando el reconocimiento correspondiente a los autores nacionales e internacionales.<\/p>\n<\/div><\/div><\/div>[\/vc_column][\/vc_row][vc_row full_width=\u00bbstretch_row\u00bb content_placement=\u00bbmiddle\u00bb equal_height=\u00bbyes\u00bb typography_style=\u00bbwhite\u00bb remove_bottom_col_margin=\u00bbtrue\u00bb css=\u00bb.vc_custom_1607648582090{margin-top: 0px !important;margin-bottom: 0px !important;border-top-width: 5px !important;border-bottom-width: 5px !important;background-image: url(https:\/\/apapy.org\/sjapa\/wp-content\/uploads\/2020\/11\/fondo-marmoleado.jpg?id=2292) !important;border-top-color: #cccccc !important;border-top-style: solid !important;border-bottom-color: #cccccc !important;border-bottom-style: solid !important;}\u00bb][vc_column][vc_single_image image=\u00bb3337&#8243;][\/vc_column][\/vc_row][vc_row][vc_column][vc_empty_space height=\u00bb12px\u00bb][\/vc_column][\/vc_row]\n<\/div>","protected":false},"excerpt":{"rendered":"<p>[vc_row full_width=\u00bbstretch_row_content\u00bb content_placement=\u00bbmiddle\u00bb column_spacing=\u00bb0px\u00bb equal_height=\u00bbyes\u00bb typography_style=\u00bbwhite\u00bb remove_bottom_col_margin=\u00bbtrue\u00bb css=\u00bb.vc_custom_1608068763349{background-image: url(https:\/\/apapy.org\/sjapa\/wp-content\/uploads\/2020\/11\/Paginas-Sitio-Web-APA-03-scaled-e1606401009653.jpg?id=2279) !important;background-position: center !important;background-repeat: no-repeat !important;background-size: cover !important;}\u00bb][vc_column width=\u00bb1\/2&#8243; offset=\u00bbvc_hidden-sm vc_hidden-xs\u00bb css=\u00bb.vc_custom_1608068997488{margin-top: 10% !important;margin-bottom: 10% !important;}\u00bb][vc_single_image image=\u00bb2879&#8243; alignment=\u00bbcenter\u00bb css=\u00bb.vc_custom_1608069047041{margin-right: 10% !important;margin-left: 20% !important;}\u00bb][\/vc_column][vc_column width=\u00bb1\/2&#8243; css=\u00bb.vc_custom_1608068985256{margin-top: 10% !important;margin-bottom: 10% !important;border-left-width: 2px !important;border-left-color: #ffffff&hellip;<\/p>\n","protected":false},"author":1,"featured_media":0,"parent":0,"menu_order":0,"comment_status":"closed","ping_status":"closed","template":"","meta":{"footnotes":""},"class_list":["post-2180","page","type-page","status-publish","hentry","entry","no-media"],"_links":{"self":[{"href":"https:\/\/apapy.org\/sjapa\/wp-json\/wp\/v2\/pages\/2180","targetHints":{"allow":["GET"]}}],"collection":[{"href":"https:\/\/apapy.org\/sjapa\/wp-json\/wp\/v2\/pages"}],"about":[{"href":"https:\/\/apapy.org\/sjapa\/wp-json\/wp\/v2\/types\/page"}],"author":[{"embeddable":true,"href":"https:\/\/apapy.org\/sjapa\/wp-json\/wp\/v2\/users\/1"}],"replies":[{"embeddable":true,"href":"https:\/\/apapy.org\/sjapa\/wp-json\/wp\/v2\/comments?post=2180"}],"version-history":[{"count":209,"href":"https:\/\/apapy.org\/sjapa\/wp-json\/wp\/v2\/pages\/2180\/revisions"}],"predecessor-version":[{"id":3514,"href":"https:\/\/apapy.org\/sjapa\/wp-json\/wp\/v2\/pages\/2180\/revisions\/3514"}],"wp:attachment":[{"href":"https:\/\/apapy.org\/sjapa\/wp-json\/wp\/v2\/media?parent=2180"}],"curies":[{"name":"wp","href":"https:\/\/api.w.org\/{rel}","templated":true}]}}