{"id":2278,"date":"2020-11-26T14:25:07","date_gmt":"2020-11-26T14:25:07","guid":{"rendered":"https:\/\/apapy.org\/sjapa\/memoria-copy\/"},"modified":"2020-12-15T20:43:53","modified_gmt":"2020-12-15T20:43:53","slug":"memoria","status":"publish","type":"page","link":"https:\/\/apapy.org\/sjapa\/memoria\/","title":{"rendered":"Memoria"},"content":{"rendered":"<div class=\"wpb-content-wrapper\">[vc_row full_width=\u00bbstretch_row_content_no_spaces\u00bb content_placement=\u00bbtop\u00bb column_spacing=\u00bb0px\u00bb equal_height=\u00bbyes\u00bb remove_bottom_col_margin=\u00bbtrue\u00bb][vc_column css=\u00bb.vc_custom_1607636952253{border-bottom-width: 5px !important;border-bottom-color: #211915 !important;border-bottom-style: solid !important;}\u00bb][vc_single_image image=\u00bb3365&#8243; img_size=\u00bb836&#215;500&#8243; alignment=\u00bbcenter\u00bb][\/vc_column][\/vc_row][vc_row full_width=\u00bbstretch_row_content\u00bb content_placement=\u00bbmiddle\u00bb equal_height=\u00bbyes\u00bb remove_bottom_col_margin=\u00bbtrue\u00bb tablet_fullwidth_cols=\u00bbyes\u00bb][vc_column width=\u00bb1\/2&#8243; css=\u00bb.vc_custom_1608065031553{padding-left: 0px !important;}\u00bb][vc_column_text width=\u00bb400&#8243; text_align=\u00bbleft\u00bb font_family=\u00bbMontserrat\u00bb font_size=\u00bbd:14|pl:10|pp:10&#8243;]\n<blockquote><p>Cuando reci\u00e9n empezamos, la entidad estaba pr\u00e1cticamente abandonada en todo sentido: edilicio, moral, tecnol\u00f3gico, estructural, sist\u00e9mico y organizacional. Las mejoras eran necesarias y urgentes.<\/p>\n<p>Conscientes de las necesidades de los socios, fuimos marcando hitos cada a\u00f1o, con la mirada en el presente y en el futuro, construyento hacia lo que hoy, despu\u00e9s de un intenso trabajo, llamamos: <em><strong>La Nueva APA.<\/strong><\/em><\/p><\/blockquote>\n[\/vc_column_text][vc_empty_space][\/vc_column][vc_column width=\u00bb1\/2&#8243; css=\u00bb.vc_custom_1608065021666{background-color: #6995c8 !important;}\u00bb][vc_single_image image=\u00bb2203&#8243; img_size=\u00bb200&#215;200&#8243; alignment=\u00bbleft\u00bb][vc_single_image image=\u00bb2205&#8243; img_size=\u00bb340&#215;50&#8243; css=\u00bb.vc_custom_1606338766808{margin-left: -80px !important;}\u00bb][vc_column_text responsive_text=\u00bbtrue\u00bb text_align=\u00bbleft\u00bb font_family=\u00bbMontserrat\u00bb font_size=\u00bb14&#8243; css=\u00bb.vc_custom_1606335529569{margin-left: 5px !important;padding-top: 10px !important;padding-right: 100px !important;padding-bottom: 0px !important;padding-left: 10px !important;}\u00bb color=\u00bb#ffffff\u00bb font_weight=\u00bbbold\u00bb]Presidente de la Comisi\u00f3n[\/vc_column_text][vc_column_text responsive_text=\u00bbtrue\u00bb text_align=\u00bbleft\u00bb font_family=\u00bbMontserrat\u00bb font_size=\u00bb14&#8243; css=\u00bb.vc_custom_1606335540793{margin-left: 5px !important;padding-top: 0px !important;padding-right: 100px !important;padding-bottom: 10px !important;padding-left: 10px !important;}\u00bb color=\u00bb#ffffff\u00bb font_weight=\u00bbbold\u00bb]Directiva de APA 2017 &#8211; 2020[\/vc_column_text][\/vc_column][\/vc_row][vc_row css_animation=\u00bbnone\u00bb full_width=\u00bbstretch_row\u00bb content_placement=\u00bbmiddle\u00bb typography_style=\u00bblight\u00bb remove_bottom_col_margin=\u00bbtrue\u00bb css=\u00bb.vc_custom_1607650547728{background-color: #000000 !important;background-position: center !important;background-repeat: no-repeat !important;background-size: cover !important;}\u00bb min_height=\u00bb120&#8243;][vc_column][vc_column_text text_align=\u00bbleft\u00bb font_size=\u00bbd:36|pl:12|pp:10&#8243; line_height=\u00bb1&#8243;]\n<p data-wp-editing=\"1\"><strong><img loading=\"lazy\" decoding=\"async\" class=\"alignnone wp-image-2229\" src=\"https:\/\/apapy.org\/sjapa\/wp-content\/uploads\/2020\/11\/descargar-icono.png\" alt=\"\" width=\"64\" height=\"64\" srcset=\"https:\/\/apapy.org\/sjapa\/wp-content\/uploads\/2020\/11\/descargar-icono.png 227w, https:\/\/apapy.org\/sjapa\/wp-content\/uploads\/2020\/11\/descargar-icono-150x150.png 150w\" sizes=\"auto, (max-width: 64px) 100vw, 64px\" \/><a href=\"https:\/\/apapy.org\/sjapa\/documentos\/Memoria%202017-2020.pdf\" target=\"_blank\" rel=\"noopener noreferrer\"> \u00a1Quiero! Descargar revista digital<\/a><\/strong><\/p>\n[\/vc_column_text][\/vc_column][\/vc_row][vc_row][vc_column][vc_empty_space height=\u00bb20px\u00bb][\/vc_column][\/vc_row]\n<\/div>","protected":false},"excerpt":{"rendered":"<p>[vc_row full_width=\u00bbstretch_row_content_no_spaces\u00bb content_placement=\u00bbtop\u00bb column_spacing=\u00bb0px\u00bb equal_height=\u00bbyes\u00bb remove_bottom_col_margin=\u00bbtrue\u00bb][vc_column css=\u00bb.vc_custom_1607636952253{border-bottom-width: 5px !important;border-bottom-color: #211915 !important;border-bottom-style: solid !important;}\u00bb][vc_single_image image=\u00bb3365&#8243; img_size=\u00bb836&#215;500&#8243; alignment=\u00bbcenter\u00bb][\/vc_column][\/vc_row][vc_row full_width=\u00bbstretch_row_content\u00bb content_placement=\u00bbmiddle\u00bb equal_height=\u00bbyes\u00bb remove_bottom_col_margin=\u00bbtrue\u00bb tablet_fullwidth_cols=\u00bbyes\u00bb][vc_column width=\u00bb1\/2&#8243; css=\u00bb.vc_custom_1608065031553{padding-left: 0px !important;}\u00bb][vc_column_text width=\u00bb400&#8243; text_align=\u00bbleft\u00bb font_family=\u00bbMontserrat\u00bb font_size=\u00bbd:14|pl:10|pp:10&#8243;] Cuando reci\u00e9n empezamos, la entidad estaba pr\u00e1cticamente abandonada en todo sentido:&hellip;<\/p>\n","protected":false},"author":1,"featured_media":0,"parent":0,"menu_order":0,"comment_status":"closed","ping_status":"closed","template":"","meta":{"footnotes":""},"class_list":["post-2278","page","type-page","status-publish","hentry","entry","no-media"],"_links":{"self":[{"href":"https:\/\/apapy.org\/sjapa\/wp-json\/wp\/v2\/pages\/2278","targetHints":{"allow":["GET"]}}],"collection":[{"href":"https:\/\/apapy.org\/sjapa\/wp-json\/wp\/v2\/pages"}],"about":[{"href":"https:\/\/apapy.org\/sjapa\/wp-json\/wp\/v2\/types\/page"}],"author":[{"embeddable":true,"href":"https:\/\/apapy.org\/sjapa\/wp-json\/wp\/v2\/users\/1"}],"replies":[{"embeddable":true,"href":"https:\/\/apapy.org\/sjapa\/wp-json\/wp\/v2\/comments?post=2278"}],"version-history":[{"count":29,"href":"https:\/\/apapy.org\/sjapa\/wp-json\/wp\/v2\/pages\/2278\/revisions"}],"predecessor-version":[{"id":3433,"href":"https:\/\/apapy.org\/sjapa\/wp-json\/wp\/v2\/pages\/2278\/revisions\/3433"}],"wp:attachment":[{"href":"https:\/\/apapy.org\/sjapa\/wp-json\/wp\/v2\/media?parent=2278"}],"curies":[{"name":"wp","href":"https:\/\/api.w.org\/{rel}","templated":true}]}}