{"id":2442,"date":"2020-11-30T12:35:54","date_gmt":"2020-11-30T12:35:54","guid":{"rendered":"https:\/\/apapy.org\/sjapa\/licencias-copy\/"},"modified":"2020-12-15T21:40:07","modified_gmt":"2020-12-15T21:40:07","slug":"licencias","status":"publish","type":"page","link":"https:\/\/apapy.org\/sjapa\/licencias\/","title":{"rendered":"Licencias"},"content":{"rendered":"<div class=\"wpb-content-wrapper\">[vc_row full_width=\u00bbstretch_row\u00bb content_placement=\u00bbmiddle\u00bb typography_style=\u00bbblack\u00bb remove_bottom_col_margin=\u00bbtrue\u00bb css=\u00bb.vc_custom_1606732236041{background-image: url(https:\/\/apapy.org\/sjapa\/wp-content\/uploads\/2020\/11\/fondo-marmoleado.jpg?id=2292) !important;}\u00bb][vc_column][vc_video link=\u00bbhttps:\/\/www.youtube.com\/watch?v=14Y1dM7L8aI\u00bb align=\u00bbcenter\u00bb css=\u00bb.vc_custom_1606738806204{padding-top: 100px !important;}\u00bb][vc_empty_space]<h2 class=\"vcex-module vcex-heading wpex-text-2xl wpex-font-normal wpex-m-auto wpex-max-w-100 vcex-heading-plain wpex-block wpex-italic wpex-text-center\" style=\"font-family:Montserrat;font-size:36px;font-weight:700;\"><span class=\"vcex-heading-inner wpex-inline-block wpex-clr\">\u00a1\u00d1a\u00f1ohendumina, Paraguay!<\/span><\/h2>[\/vc_column][\/vc_row][vc_row full_width=\u00bbstretch_row_content_no_spaces\u00bb content_placement=\u00bbmiddle\u00bb remove_bottom_col_margin=\u00bbtrue\u00bb css=\u00bb.vc_custom_1606731768760{background-image: url(https:\/\/apapy.org\/sjapa\/wp-content\/uploads\/2020\/11\/fondo-marmoleado.jpg?id=2292) !important;background-position: center !important;background-repeat: no-repeat !important;background-size: cover !important;}\u00bb][vc_column][vc_single_image image=\u00bb2335&#8243; alignment=\u00bbcenter\u00bb][\/vc_column][\/vc_row][vc_row full_width=\u00bbstretch_row\u00bb content_placement=\u00bbmiddle\u00bb typography_style=\u00bbwhite\u00bb remove_bottom_col_margin=\u00bbtrue\u00bb css=\u00bb.vc_custom_1606732055586{background-color: #7894c4 !important;}\u00bb][vc_column width=\u00bb1\/3&#8243;][vc_single_image image=\u00bb2303&#8243; alignment=\u00bbcenter\u00bb css=\u00bb.vc_custom_1606730227613{margin-top: 100px !important;margin-bottom: 100px !important;}\u00bb][\/vc_column][vc_column width=\u00bb2\/3&#8243;][vc_custom_heading text=\u00bb\u00bfCu\u00e1les tipos de m\u00fasica representa apa?\u00bb font_container=\u00bbtag:h2|font_size:30|text_align:left\u00bb google_fonts=\u00bbfont_family:Montserrat%3Aregular%2C700|font_style:700%20bold%20regular%3A700%3Anormal\u00bb][vc_column_text responsive_text=\u00bbtrue\u00bb font_family=\u00bbMontserrat\u00bb font_size=\u00bb30&#8243;]APA representa a todos los autores nacionales y extranjeros, creadores de todo tipo de m\u00fasica: folcl\u00f3rica, popular, cl\u00e1sica, etc.[\/vc_column_text][vc_empty_space][\/vc_column][\/vc_row][vc_row full_width=\u00bbstretch_row\u00bb content_placement=\u00bbmiddle\u00bb column_spacing=\u00bb5&#8243; equal_height=\u00bbyes\u00bb remove_bottom_col_margin=\u00bbtrue\u00bb css=\u00bb.vc_custom_1608067996789{background-image: url(https:\/\/apapy.org\/sjapa\/wp-content\/uploads\/2020\/11\/fondo-marmoleado.jpg?id=2292) !important;background-position: center !important;background-repeat: no-repeat !important;background-size: cover !important;}\u00bb][vc_column offset=\u00bbvc_hidden-sm vc_hidden-xs\u00bb][vc_single_image image=\u00bb3273&#8243; css=\u00bb.vc_custom_1608068046323{margin-top: 100px !important;margin-bottom: 100px !important;}\u00bb][\/vc_column][\/vc_row][vc_row full_width=\u00bbstretch_row\u00bb gap=\u00bb10&#8243; equal_height=\u00bbyes\u00bb typography_style=\u00bbwhite\u00bb remove_bottom_col_margin=\u00bbtrue\u00bb css=\u00bb.vc_custom_1606737359674{padding-top: 100px !important;padding-bottom: 100px !important;background-color: #434142 !important;background-position: center !important;background-repeat: no-repeat !important;background-size: cover !important;}\u00bb][vc_column width=\u00bb1\/2&#8243;]<h2 class=\"vcex-module vcex-heading wpex-text-2xl wpex-font-normal wpex-m-auto wpex-max-w-100 vcex-heading-plain wpex-block wpex-text-right\" style=\"color:#ffffff;font-family:Montserrat;font-size:36px;font-weight:900;\"><span class=\"vcex-heading-inner wpex-inline-block wpex-clr\">\u00bfCu\u00e1l es la base legal de la tarifa para las licencias de APA?<\/span><\/h2>[vc_empty_space][vc_column_text responsive_text=\u00bbtrue\u00bb text_align=\u00bbright\u00bb font_family=\u00bbMontserrat\u00bb font_size=\u00bb28&#8243; font_weight=\u00bbbold\u00bb line_height=\u00bb1&#8243;]La tarifa de APA se fija de conformidad con lo que establece el Art. 142 inc. 4) de la Ley N\u00ba 1.328\/98 \u201cDE DERECHO DE AUTOR Y DERECHOS CONEXOS\u201d.[\/vc_column_text][vc_empty_space][vc_column_text responsive_text=\u00bbtrue\u00bb font_family=\u00bbMontserrat\u00bb font_size=\u00bb28&#8243; el_class=\u00bbbtt-inf\u00bb text_align=\u00bbright\u00bb font_weight=\u00bbbold\u00bb]<a href=\"http:\/\/www.wipo.int\/wipolex\/es\/text.jsp?file_id=129428\">Ley N\u00ba 1.328\/98<\/a>[\/vc_column_text][\/vc_column][vc_column width=\u00bb1\/2&#8243; css=\u00bb.vc_custom_1607367342945{border-left-width: 2px !important;border-left-color: #ffffff !important;border-left-style: solid !important;}\u00bb][vc_column_text responsive_text=\u00bbtrue\u00bb text_align=\u00bbleft\u00bb font_family=\u00bbMontserrat\u00bb font_size=\u00bb28&#8243; font_weight=\u00bbbold\u00bb line_height=\u00bb1&#8243;]Son tres los sistemas para el cobro por uso del repertorio societario administrado por APA:<\/p>\n<p>A) Sistema de porcentaje.<\/p>\n<p>B) Sistema de unidad de medida denominada UDA (Unidad de Derecho de Autor).<\/p>\n<p>C) Sistema de cobro m\u00ednimo por persona.<\/p>\n<p>La tarifa est\u00e1 a disposici\u00f3n de los usuarios, y son para conocimiento p\u00fablico.[\/vc_column_text][\/vc_column][\/vc_row][vc_row full_width=\u00bbstretch_row\u00bb content_placement=\u00bbmiddle\u00bb gap=\u00bb10&#8243; equal_height=\u00bbyes\u00bb typography_style=\u00bbwhite\u00bb css=\u00bb.vc_custom_1607336629415{background-image: url(https:\/\/apapy.org\/sjapa\/wp-content\/uploads\/2020\/12\/fondo-guitarra2.jpg?id=3057) !important;background-position: center !important;background-repeat: no-repeat !important;background-size: cover !important;}\u00bb min_height=\u00bb810&#8243;][vc_column]<h2 class=\"vcex-module vcex-heading wpex-text-2xl wpex-font-normal wpex-m-auto wpex-max-w-100 vcex-heading-plain wpex-block wpex-text-left\" style=\"color:#ffffff;font-family:Montserrat;font-size:48px;font-weight:900;\"><span class=\"vcex-heading-inner wpex-inline-block wpex-clr\">\u00bfNo abonar el derecho de autor,<\/span><\/h2><h2 class=\"vcex-module vcex-heading wpex-text-2xl wpex-font-normal wpex-m-auto wpex-max-w-100 vcex-heading-plain wpex-block wpex-text-left\" style=\"color:#6a92c5;font-family:Montserrat;font-size:48px;font-weight:900;\"><span class=\"vcex-heading-inner wpex-inline-block wpex-clr\">constituye un delito?<\/span><\/h2>[\/vc_column][\/vc_row][vc_row full_width=\u00bbstretch_row\u00bb gap=\u00bb10&#8243; equal_height=\u00bbyes\u00bb typography_style=\u00bbblack\u00bb remove_bottom_col_margin=\u00bbtrue\u00bb css=\u00bb.vc_custom_1606778044990{padding-top: 100px !important;padding-bottom: 100px !important;background-image: url(https:\/\/apapy.org\/sjapa\/wp-content\/uploads\/2020\/11\/fondo-marmoleado.jpg?id=2292) !important;background-position: center !important;background-repeat: no-repeat !important;background-size: cover !important;}\u00bb][vc_column][vc_column_text font_family=\u00bbMontserrat\u00bb font_size=\u00bb28&#8243; font_weight=\u00bbbold\u00bb line_height=\u00bb1&#8243;]APA puede iniciar juicio ordinario a personas f\u00edsicas o jur\u00eddicas que evadan el pago de los aranceles de los derechos autorales, obteniendo por orden judicial el retiro del repertorio societario que administra las obras art\u00edsticas.<\/p>\n<p>Autores Paraguayos Asociados (APA) representa en el Paraguay a las sociedades de gesti\u00f3n colectiva de todo el mundo, por eso est\u00e1 autorizada a percibir el derecho de autor de las obras art\u00edsticas culturales y musicales internacionales.[\/vc_column_text][vc_empty_space][\/vc_column][\/vc_row][vc_row full_width=\u00bbstretch_row\u00bb content_placement=\u00bbmiddle\u00bb equal_height=\u00bbyes\u00bb typography_style=\u00bbwhite\u00bb remove_bottom_col_margin=\u00bbtrue\u00bb css=\u00bb.vc_custom_1607648582090{margin-top: 0px !important;margin-bottom: 0px !important;border-top-width: 5px !important;border-bottom-width: 5px !important;background-image: url(https:\/\/apapy.org\/sjapa\/wp-content\/uploads\/2020\/11\/fondo-marmoleado.jpg?id=2292) !important;border-top-color: #cccccc !important;border-top-style: solid !important;border-bottom-color: #cccccc !important;border-bottom-style: solid !important;}\u00bb][vc_column][vc_single_image image=\u00bb3337&#8243;][\/vc_column][\/vc_row][vc_row][vc_column][vc_empty_space height=\u00bb12px\u00bb][\/vc_column][\/vc_row]\n<\/div>","protected":false},"excerpt":{"rendered":"<p>[vc_row full_width=\u00bbstretch_row\u00bb content_placement=\u00bbmiddle\u00bb typography_style=\u00bbblack\u00bb remove_bottom_col_margin=\u00bbtrue\u00bb css=\u00bb.vc_custom_1606732236041{background-image: url(https:\/\/apapy.org\/sjapa\/wp-content\/uploads\/2020\/11\/fondo-marmoleado.jpg?id=2292) !important;}\u00bb][vc_column][vc_video link=\u00bbhttps:\/\/www.youtube.com\/watch?v=14Y1dM7L8aI\u00bb align=\u00bbcenter\u00bb css=\u00bb.vc_custom_1606738806204{padding-top: 100px !important;}\u00bb][vc_empty_space][\/vc_column][\/vc_row][vc_row full_width=\u00bbstretch_row_content_no_spaces\u00bb content_placement=\u00bbmiddle\u00bb remove_bottom_col_margin=\u00bbtrue\u00bb css=\u00bb.vc_custom_1606731768760{background-image: url(https:\/\/apapy.org\/sjapa\/wp-content\/uploads\/2020\/11\/fondo-marmoleado.jpg?id=2292) !important;background-position: center !important;background-repeat: no-repeat !important;background-size: cover !important;}\u00bb][vc_column][vc_single_image image=\u00bb2335&#8243; alignment=\u00bbcenter\u00bb][\/vc_column][\/vc_row][vc_row full_width=\u00bbstretch_row\u00bb content_placement=\u00bbmiddle\u00bb typography_style=\u00bbwhite\u00bb remove_bottom_col_margin=\u00bbtrue\u00bb css=\u00bb.vc_custom_1606732055586{background-color: #7894c4 !important;}\u00bb][vc_column width=\u00bb1\/3&#8243;][vc_single_image image=\u00bb2303&#8243; alignment=\u00bbcenter\u00bb css=\u00bb.vc_custom_1606730227613{margin-top: 100px !important;margin-bottom:&hellip;<\/p>\n","protected":false},"author":1,"featured_media":0,"parent":0,"menu_order":0,"comment_status":"closed","ping_status":"closed","template":"","meta":{"footnotes":""},"class_list":["post-2442","page","type-page","status-publish","hentry","entry","no-media"],"_links":{"self":[{"href":"https:\/\/apapy.org\/sjapa\/wp-json\/wp\/v2\/pages\/2442","targetHints":{"allow":["GET"]}}],"collection":[{"href":"https:\/\/apapy.org\/sjapa\/wp-json\/wp\/v2\/pages"}],"about":[{"href":"https:\/\/apapy.org\/sjapa\/wp-json\/wp\/v2\/types\/page"}],"author":[{"embeddable":true,"href":"https:\/\/apapy.org\/sjapa\/wp-json\/wp\/v2\/users\/1"}],"replies":[{"embeddable":true,"href":"https:\/\/apapy.org\/sjapa\/wp-json\/wp\/v2\/comments?post=2442"}],"version-history":[{"count":91,"href":"https:\/\/apapy.org\/sjapa\/wp-json\/wp\/v2\/pages\/2442\/revisions"}],"predecessor-version":[{"id":3459,"href":"https:\/\/apapy.org\/sjapa\/wp-json\/wp\/v2\/pages\/2442\/revisions\/3459"}],"wp:attachment":[{"href":"https:\/\/apapy.org\/sjapa\/wp-json\/wp\/v2\/media?parent=2442"}],"curies":[{"name":"wp","href":"https:\/\/api.w.org\/{rel}","templated":true}]}}