{"id":2608,"date":"2020-12-01T12:22:51","date_gmt":"2020-12-01T12:22:51","guid":{"rendered":"https:\/\/apapy.org\/sjapa\/?page_id=2608"},"modified":"2020-12-01T15:17:11","modified_gmt":"2020-12-01T15:17:11","slug":"declaracion-de-obras-apa","status":"publish","type":"page","link":"https:\/\/apapy.org\/sjapa\/declaracion-de-obras-apa\/","title":{"rendered":"DECLARACI\u00d3N DE OBRAS APA"},"content":{"rendered":"<div class=\"wpb-content-wrapper\">[vc_row][vc_column][vc_column_text]\n<ol>\n<li>Declaro conocer y adherir a los Estatutos de la entidad de gesti\u00f3n colectiva de derechos de autor denominada Autores Paraguayos Asociados (APA) y el reglamento de reparto de la entidad que son exhibidos en la p\u00e1gina web de la entidad y que su actividad se rige por la Ley N\u00ba 1328\/98 de Derechos de Autor y Derechos Conexos as\u00ed como las respectivas reglamentaciones.<\/li>\n<li>Efect\u00fao esta presentaci\u00f3n como declaraci\u00f3n jurada manifestando ser titular de las obras musicales individualizadas m\u00e1s arriba, solicitando se imprima el correspondiente tr\u00e1mite de \u201cDECLARACI\u00d3N DE OBRAS (AUDIO)\u201d, ante APA.<\/li>\n<li>Me obligo a informar y presentar inmediatamente cualquier modificaci\u00f3n de los derechos econ\u00f3micos sobre las obras y sobre los porcentajes referidos precedentemente.<\/li>\n<li>Presento junto con esta nota el soporte magn\u00e9tico de grabaci\u00f3n para la difusi\u00f3n, la constancia de pedido de inscripci\u00f3n en DINAPI y solicito el registro provisorio al sistema inform\u00e1tico de APA y al sistema de monitoreo del<\/li>\n<li>En su caso, faculto a Autores Paraguayos Asociados (APA) a retirar del sistema si en un lapso de tres meses, salvo fuerza mayor debidamente justificada, al no presentar \u00edntegramente la documentaci\u00f3n requerida por el Departamento de Documentaci\u00f3n.<\/li>\n<li>Declaro haber sido informado de que no son admisibles los reclamos retroactivos anteriores al registro e ingreso de la obra\/s al sistema de APA y al BMAT.<\/li>\n<li>Otorgo y ratifico a Autores Paraguayos Asociados (APA) como entidad de gesti\u00f3n colectiva de derechos de autor reconocida por la Direcci\u00f3n Nacional de Propiedad Intelectual, autorizando a la misma la gesti\u00f3n y administraci\u00f3n de lo recaudado en concepto de derechos de autor de las obras cuyo registro e inscripci\u00f3n se solicita (Art. 5\u00ba de los Estatutos de APA).<\/li>\n<li>En caso de haber otorgado autorizaci\u00f3n de gesti\u00f3n a una entidad extranjera, me obligo a adjuntar o referir en anexo el nombre o siglas de la entidad de gesti\u00f3n colectiva que administre los derechos patrimoniales y el alcance de dicha relaci\u00f3n).<\/li>\n<li>Declaro estar al tanto del reglamento vigente para el reparto de la recaudaci\u00f3n aprobado por Autores Paraguayos Asociados \u201cAPA\u201d especialmente de la aplicaci\u00f3n del sistema BMAT de monitoreo utilizado por la entidad.<\/li>\n<li>Declaro que la declaraci\u00f3n jurada de autor\u00eda de las obras presentadas me obliga a mantener indemne a APA sobre todo y cualquier reclamo de terceros sobre los derechos de autor, o por reclamos consecuencia de la inexactitud de los datos proporcionados para el registro o la inexacta identificaci\u00f3n del t\u00edtulo de la obra por terceros. Asumo expresamente la obligaci\u00f3n de informar a APA de toda acci\u00f3n que sobre los derechos autorales declarados sean promovidas.<\/li>\n<li>Declaro conocer que la falta de presentaci\u00f3n de la documentaci\u00f3n requerida o si no resulta acreditada fehacientemente los derechos de autor, o existiere controversia sobre la obra, Autores Paraguayos Asociados (APA) queda facultado a retener las regal\u00edas, o a efectuar el dep\u00f3sito judicial de los derechos econ\u00f3micos recaudados con deducci\u00f3n de los gastos de gesti\u00f3n y administraci\u00f3n hasta la regularizaci\u00f3n correspondiente.<\/li>\n<\/ol>\n[\/vc_column_text][\/vc_column][\/vc_row]\n<\/div>","protected":false},"excerpt":{"rendered":"<p>[vc_row][vc_column][vc_column_text] Declaro conocer y adherir a los Estatutos de la entidad de gesti\u00f3n colectiva de derechos de autor denominada Autores Paraguayos Asociados (APA) y el reglamento de reparto de la entidad que son exhibidos en la p\u00e1gina web de la&hellip;<\/p>\n","protected":false},"author":1,"featured_media":0,"parent":0,"menu_order":0,"comment_status":"closed","ping_status":"closed","template":"","meta":{"footnotes":""},"class_list":["post-2608","page","type-page","status-publish","hentry","entry","no-media"],"_links":{"self":[{"href":"https:\/\/apapy.org\/sjapa\/wp-json\/wp\/v2\/pages\/2608","targetHints":{"allow":["GET"]}}],"collection":[{"href":"https:\/\/apapy.org\/sjapa\/wp-json\/wp\/v2\/pages"}],"about":[{"href":"https:\/\/apapy.org\/sjapa\/wp-json\/wp\/v2\/types\/page"}],"author":[{"embeddable":true,"href":"https:\/\/apapy.org\/sjapa\/wp-json\/wp\/v2\/users\/1"}],"replies":[{"embeddable":true,"href":"https:\/\/apapy.org\/sjapa\/wp-json\/wp\/v2\/comments?post=2608"}],"version-history":[{"count":2,"href":"https:\/\/apapy.org\/sjapa\/wp-json\/wp\/v2\/pages\/2608\/revisions"}],"predecessor-version":[{"id":2610,"href":"https:\/\/apapy.org\/sjapa\/wp-json\/wp\/v2\/pages\/2608\/revisions\/2610"}],"wp:attachment":[{"href":"https:\/\/apapy.org\/sjapa\/wp-json\/wp\/v2\/media?parent=2608"}],"curies":[{"name":"wp","href":"https:\/\/api.w.org\/{rel}","templated":true}]}}