{"id":2875,"date":"2020-12-07T06:44:30","date_gmt":"2020-12-07T06:44:30","guid":{"rendered":"https:\/\/apapy.org\/sjapa\/?page_id=2875"},"modified":"2020-12-17T10:09:27","modified_gmt":"2020-12-17T10:09:27","slug":"que-ofrecemos","status":"publish","type":"page","link":"https:\/\/apapy.org\/sjapa\/que-ofrecemos\/","title":{"rendered":"\u00bfQu\u00e9 Ofrecemos?"},"content":{"rendered":"<div class=\"wpb-content-wrapper\">[vc_row][vc_column][vc_column_text]\n<h2><b>En general<\/b><\/h2>\n<ul>\n<li>Informaci\u00f3n y asesor\u00eda para comprender el funcionamiento de la entidad, c\u00f3mo ser representado para posteriormente poder ser socio, c\u00f3mo declarar obras nuevas en APA y dem\u00e1s aspectos fundamentales para que los autores puedan vivir de su m\u00fasica.<\/li>\n<li>Informaci\u00f3n y asesor\u00eda para poder proceder con el pago correspondiente de licencia de derecho de autor, ya sea como para un evento espec\u00edfico o para un potencial usuario fijo.<\/li>\n<\/ul>\n<h2><b>A los Representados (Relaci\u00f3n de car\u00e1cter no asociativo).<\/b><\/h2>\n<ul>\n<li>La recaudaci\u00f3n y posterior distribuci\u00f3n cuatrimestral de las regal\u00edas generadas a trav\u00e9s del derecho de autor.<\/li>\n<li>Acceso al sitio web exclusivo (mi.apa.org.py) donde, posteriormente realizado el registro, podr\u00e1n visualizar sus obras declaradas en APA y el detalle de sus liquidaciones correspondientes.<\/li>\n<li>La otorgaci\u00f3n de un c\u00f3digo IPI, que es la huella digital que ubica al autor en todo el mundo.<\/li>\n<li>Charlas de formaci\u00f3n gratuita para aprender sobre las sociedades de gesti\u00f3n colectiva, sobre APA y sobre c\u00f3mo alcanzar la calidad de Socio en APA.<\/li>\n<li>Atenci\u00f3n y asesor\u00eda sobre el completado apropiado de planillas y formularios pertinentes de APA.<\/li>\n<\/ul>\n<h2><b>A los Socios<\/b><\/h2>\n<ul>\n<li>La recaudaci\u00f3n y posterior distribuci\u00f3n cuatrimestral de las regal\u00edas generadas a trav\u00e9s del derecho de autor.<\/li>\n<li>Acceso al sitio web exclusivo (mi.apa.org.py) donde, posteriormente realizado el registro, podr\u00e1n visualizar sus obras declaradas en APA y el detalle de sus liquidaciones correspondientes.<\/li>\n<li>La otorgaci\u00f3n de un c\u00f3digo IPI, que es la huella digital que ubica al autor en todo el mundo.<\/li>\n<li>Atenci\u00f3n y asesor\u00eda sobre el completado apropiado de planillas y formularios pertinentes de APA.<\/li>\n<li>La posibilidad de participar en las Asambleas Ordinarias y Asambleas Extraordinarias, teniendo acceso a las memorias y balances de cada a\u00f1o y teniendo el derecho a voto.<\/li>\n<li>Acceso a ayudas extraordinarias generalizadas, cuando la entidad informa que se otorgar\u00e1n a todos los socios.<\/li>\n<li>Entrega de kits de alimentos a domicilio o a trav\u00e9s de un punto de encuentro cercano, cuando la entidad informa que se ofrecer\u00e1n a todos los socios.<\/li>\n<li>La posibilidad de solicitar y acceder a una ayuda particular por motivos de: emergencia de salud, maternidad o necesidad de servicios de sepelio. Posterior a la solicitud, La Comisi\u00f3n Directiva evaluar\u00e1 y resolver\u00e1 si la entidad est\u00e1 en condiciones de otorgar la ayuda solicitada, acorde a la Ley y los Estatutos Sociales.<\/li>\n<li>La posibilidad de solicitar y acceder a una ayuda particular en un momento de emergencia de salud. Posterior a la solicitud, La Comisi\u00f3n Directiva evaluar\u00e1 y resolver\u00e1 si la entidad est\u00e1 en condiciones de otorgar la ayuda solicitada, acorde a la Ley y los Estatutos Sociales.<\/li>\n<li>La posibilidad de solicitar y acceder a una ayuda particular para servicios de sepelio. Posterior a la solicitud, La Comisi\u00f3n Directiva evaluar\u00e1 y resolver\u00e1 si la entidad est\u00e1 en condiciones de otorgar la ayuda solicitada, acorde a la Ley y los Estatutos Sociales.<\/li>\n<li>La defensa de los derechos autorales de los socios con personer\u00eda jur\u00eddica frente a empresas o personas que est\u00e9n en falta con el cumplimiento de la Ley 1328\/98.<\/li>\n<\/ul>\n<h2><b>A los Herederos<\/b><\/h2>\n<ul>\n<li>La recaudaci\u00f3n y posterior distribuci\u00f3n cuatrimestral de las regal\u00edas generadas a trav\u00e9s del derecho de autor.<\/li>\n<li>Atenci\u00f3n y asesor\u00eda sobre el completado apropiado de planillas y formularios pertinentes de APA.<\/li>\n<li>Charlas de formaci\u00f3n gratuita para aprender sobre las sociedades de gesti\u00f3n colectiva, sobre APA y sobre c\u00f3mo alcanzar la calidad de Socio en APA.<\/li>\n<\/ul>\n<h2><b>A los Usuarios<\/b><\/h2>\n<ul>\n<li>Licencias para poder utilizar el repertorio de canciones nacionales e internacionales, dando la garant\u00eda de estar cumpliendo con la Ley 1328\/98 y el pago correspondiente de licencia de derecho de autor.<\/li>\n<li>El contacto y asesor\u00eda constante que ofrece el equipo de licencias, a trav\u00e9s de una comunicaci\u00f3n efectiva y tarifas equitativas.<\/li>\n<li>Convenios con gremios y asociaciones de usuarios, acceso a beneficios como, tarifas especiales, facilidades de pago.<\/li>\n<li>Transparencia y reconocimiento a usuarios destacados mediante publicaciones de lista de usuarios destacados.<\/li>\n<\/ul>\n[\/vc_column_text][\/vc_column][\/vc_row]\n<\/div>","protected":false},"excerpt":{"rendered":"<p>[vc_row][vc_column][vc_column_text] En general Informaci\u00f3n y asesor\u00eda para comprender el funcionamiento de la entidad, c\u00f3mo ser representado para posteriormente poder ser socio, c\u00f3mo declarar obras nuevas en APA y dem\u00e1s aspectos fundamentales para que los autores puedan vivir de su m\u00fasica.&hellip;<\/p>\n","protected":false},"author":1,"featured_media":0,"parent":0,"menu_order":0,"comment_status":"closed","ping_status":"closed","template":"","meta":{"footnotes":""},"class_list":["post-2875","page","type-page","status-publish","hentry","entry","no-media"],"_links":{"self":[{"href":"https:\/\/apapy.org\/sjapa\/wp-json\/wp\/v2\/pages\/2875","targetHints":{"allow":["GET"]}}],"collection":[{"href":"https:\/\/apapy.org\/sjapa\/wp-json\/wp\/v2\/pages"}],"about":[{"href":"https:\/\/apapy.org\/sjapa\/wp-json\/wp\/v2\/types\/page"}],"author":[{"embeddable":true,"href":"https:\/\/apapy.org\/sjapa\/wp-json\/wp\/v2\/users\/1"}],"replies":[{"embeddable":true,"href":"https:\/\/apapy.org\/sjapa\/wp-json\/wp\/v2\/comments?post=2875"}],"version-history":[{"count":5,"href":"https:\/\/apapy.org\/sjapa\/wp-json\/wp\/v2\/pages\/2875\/revisions"}],"predecessor-version":[{"id":3552,"href":"https:\/\/apapy.org\/sjapa\/wp-json\/wp\/v2\/pages\/2875\/revisions\/3552"}],"wp:attachment":[{"href":"https:\/\/apapy.org\/sjapa\/wp-json\/wp\/v2\/media?parent=2875"}],"curies":[{"name":"wp","href":"https:\/\/api.w.org\/{rel}","templated":true}]}}