{"id":699,"date":"2020-11-04T14:41:00","date_gmt":"2020-11-04T14:41:00","guid":{"rendered":"https:\/\/apapy.org\/sjapa\/?page_id=699"},"modified":"2020-12-17T11:43:12","modified_gmt":"2020-12-17T11:43:12","slug":"tarifario","status":"publish","type":"page","link":"https:\/\/apapy.org\/sjapa\/tarifario\/","title":{"rendered":"Tarifario"},"content":{"rendered":"<div class=\"wpb-content-wrapper\">[vc_row][vc_column width=\u00bb2\/3&#8243;][vc_column_text font_family=\u00bbMontserrat\u00bb]\n<h3>Derechos de Reproducci\u00f3n<\/h3>\n<p><strong>UP-LOADING:<\/strong> Elaboraci\u00f3n de una Base de Datos de obras musicales para ponerlas a disposici\u00f3n.<\/p>\n<p>Hasta 500 obras 500 Gs. (Equivalente a 0,60% de una UDA) por obra y\/o fragmento de 501 a 1.000 300 Gs. (Equivalente a 0,40% de una UDA) por obra y\/o fragmento de 1.001 o m\u00e1s obras de 200 Gs. (Equivalente a 0,25% de una UDA) por obra y\/o fragmento.<\/p>\n<p>La tarifa m\u00ednima para la confecci\u00f3n de una Base de Datos ser\u00e1 de 125 UDA. En caso de comprobar en la Base de Datos elaborada mayor cantidad de obras musicales a las declaradas por el usuario, este pagar\u00e1 0,25 UDA por obra y\/o fragmento, adicional a lo declarado.<\/p>\n<p><strong>DOWNLOADING:\u00a0<\/strong>M\u00fasica a la carta realizando una descarga al disco duro o cualquier soporte.<\/p>\n<p>Es responsable (persona natural o jur\u00eddica) pagar\u00e1 mensualmente a APA el importe que resulte de aplicar hasta 10%, sobre los ingresos brutos que perciba por todo concepto, tales como: el precio de venta al p\u00fablico por cada descarga y\/o abonos y\/o servicios\u00a0 y\/o suscripciones y\/o canjes y\/o publicidad o cualquier otra modalidad de facturaci\u00f3n, para lo cual el responsable deber\u00e1 adjuntar una declaraci\u00f3n jurada de ingresos. La falta de declaraci\u00f3n har\u00e1 que APA determine por su propio criterio de apreciaci\u00f3n seg\u00fan la plataforma.<\/p>\n<p>Tarifa m\u00ednima no ser\u00e1 inferior a 5 UDAS, en caso de no poder determinarse la misma quedar\u00e1 fijada provisoriamente de conformidad a la tarifa m\u00ednima.<\/p>\n<p><strong>LICENCIA MEC\u00c1NICA PARA FIJACI\u00d3N EN FONOGRAMAS: <\/strong>La\u00a0 incorporaci\u00f3n\u00a0\u00a0 de\u00a0 sonidos\u00a0\u00a0 de\u00a0 una\u00a0 ejecuci\u00f3n o interpretaci\u00f3n o de otros sonidos o de una representaci\u00f3n de esos sonidos, sobre un medio que permita su percepci\u00f3n, reproducci\u00f3n o comunicaci\u00f3n.<\/p>\n<ul>\n<li>Hasta 100 obras 500 Gs. por obra y\/o fragmento<\/li>\n<li>De \u00a0101 \u00a0a 500 \u00a0obras \u00a0250 \u00a0Gs. \u00a0por obra y\/ o fragmento. De \u00a0501 \u00a0a 1.000 obras 200 \u00a0Gs. \u00a0por obra \u00a0y\/o fragmento.<\/li>\n<\/ul>\n<h3><strong>Derechos de Comunicaci\u00f3n \u00a0P\u00fablica<\/strong><\/h3>\n<p><strong>WEBCASTING:<\/strong> es la trasmisi\u00f3n de la emisora radial o televisiva que transmite exclusivamente por Internet, una programaci\u00f3n por ella estructurada, sea en un sitio propio o en otro \u00a0sitio.<\/p>\n<p><strong>Webcasting no interactivo:<\/strong> Comunicaci\u00f3n P\u00fablica de fonogramas en\u00a0 un\u00a0 entorno digital con contenidos fijos, predise\u00f1ados o predeterminados por parte del proveedor\u00a0\u00a0 de contenidos,\u00a0 \u00a0sin \u00a0capacidad\u00a0 \u00a0del \u00a0internauta\u00a0 \u00a0para \u00a0interactuar.<\/p>\n<p><strong>Tarifa:<\/strong> 1 %\u00a0 hasta\u00a0 6%,\u00a0 pago\u00a0 mensual\u00a0 sobre\u00a0 ingresos\u00a0 brutos\u00a0 por todo\u00a0 concepto\u00a0 (precio de venta al p\u00fablico y\/ o abonos y\/ o canjes y\/ o servicios y\/ o publicidad o cualquier otra modalidad \u00a0de facturaci\u00f3n)\u00a0 \u00a0m\u00e1s \u00a0los \u00a0impuestos \u00a0correspondientes.<\/p>\n<p>El porcentaje de la tarifa se aplicar\u00e1\u00a0 de acuerdo\u00a0 a la utilizaci\u00f3n\u00a0 de la m\u00fasica\u00a0 del tiempo\u00a0 total de transmisi\u00f3n.<\/p>\n<p>Para\u00a0 casos\u00a0 de\u00a0 transmisiones\u00a0\u00a0 de podcast,\u00a0 o emisoras\u00a0\u00a0 digitales\u00a0\u00a0 que\u00a0 no tengan\u00a0 facturaci\u00f3n o sean de emisi\u00f3n gratuita las mismas deber\u00e1n abonar un m\u00ednimo de 2 hasta 5 UDA al mes.<\/p>\n<h3>Transmisi\u00f3n de Contenido no Interactivo para Ambientaci\u00f3n del Sitio Web<\/h3>\n<p><strong>Tarifa:<\/strong> Correspondiente a 1 UDA hasta 10 UDAS Grandes y medianas empresas: 10 UDA Peque\u00f1as empresas: 6 UDA<\/p>\n<ul>\n<li>Micro empresas: 4 UDA<\/li>\n<li>P\u00e1ginas personales, m\u00fasicos, artistas: 1 UDA<\/li>\n<\/ul>\n<p>En caso que un autor sea el titular de la p\u00e1gina y titular de todas las obras utilizadas en ella,\u00a0 se exceptuar\u00e1\u00a0 el pago\u00a0 de\u00a0 la\u00a0 tarifa.<\/p>\n<p><strong>TRANSMISI\u00d3N DE CONTENIDO (STREAMING)\u00a0NO INTERACTIVO:<\/strong> La transmisi\u00f3n de fonogramas\u00a0 y\/ o v\u00eddeogramas \u00a0secuenciales\u00a0 programados, sin capacidad de ser seleccionados o accesados individualmente o variar el orden de la disposici\u00f3n de \u00e9stos\u00a0por parte del\u00a0usuario.<\/p>\n<p><strong>Tarifa A:\u00a0<\/strong>Comerciales, se\u00a0considerar\u00e1n comerciales aquellas que pertenecen a una entidad o marca determinada,\u00a0que poseen publicidad, o promocionan productos, incluyendo\u00a0dentro\u00a0de este\u00a0concepto la\u00a0auto\u00a0pauta.<\/p>\n<p>Correspondiente hasta el 10% (diez por ciento) de los ingresos brutos\u00a0 totales mensuales por publicidad asociada, suscripciones, pago por lojamiento de links o similares,\u00a0m\u00e1s los impuestos correspondientes.<\/p>\n<p><strong>Tarifa B:<\/strong> No comerciales, se considerar\u00e1n No comerciales aquellas que no pertenecen a una marca, no \u00a0poseen ingresos por concepto alguno, dentro del portal no se promocionan productos.<\/p>\n<p>Hasta 10 UDA de entre 100 a 5.000 visitas mensuales Hasta 20\u00a0UDA\u00a0de\u00a0entre 10.000 a 50.000 visitas \u00a0mensuales.<\/p>\n<p>Hasta 30 UDA \u00a0de \u00a0entre \u00a050.001 a 100.000 \u00a0visitas \u00a0mensuales. Hasta \u00a040 UDA de entre 100.001 a 150.000 visitas mensuales.<\/p>\n<p>En caso de mayor cantidad de visitas mensuales el usuario pagar\u00e1 10 UDAs adicionales por mes por cada tramo de 150.000 visitas mensuales.<\/p>\n<p><strong>SIMULCASTING:<\/strong> Posibilidad de acceder a las obras musicales por internet en forma casi simult\u00e1nea a una emisi\u00f3n de radiodifusi\u00f3n hertziana (sonora o televisiva). La transmisi\u00f3n no se da en tiempo real, sino diferida en segundos.\u00a0El \u00a0contenido que se emite por onda hertziana\u00a0con el que\u00a0 se emite\u00a0 v\u00eda internet\u00a0no necesariamente\u00a0 tiene\u00a0 que ser 100% igual; pueden existir omisiones por temas contractuales o puede transmitirse contenido exclusivo v\u00eda internet junto con el de onda hertziana. En esta modalidad se incluyen las emisiones de radio y\/ o televisi\u00f3n en forma simult\u00e1nea e inalterada por internet.<\/p>\n<p><strong>Tarifa:<\/strong> La cantidad que resulte de la aplicaci\u00f3n de hasta 1% de la facturaci\u00f3n bruta mensual en concepto de venta de publicidad en las URL, m\u00e1s los impuestos correspondientes.<\/p>\n<p>Acord\u00e1ndose un m\u00ednimo garantizado cuya suma se determinar\u00e1 mensualmente de acuerdo con la cantidad de visitas realizadas a las dichas URLs durante el mes inmediatamente anterior al del pago, y de acuerdo con la siguiente escala:<\/p>\n<table style=\"width: 80%; margin: 0 auto;\">\n<tbody>\n<tr>\n<th style=\"text-align: center;\">Audiencia<\/th>\n<th style=\"text-align: center;\">Tarifa m\u00ednima<\/th>\n<\/tr>\n<tr>\n<td>Hasta 5000 visitas\u00a0mensuales<\/td>\n<td style=\"text-align: center;\">10 UDA<\/td>\n<\/tr>\n<tr>\n<td>10.000 &#8211; 50.000<\/td>\n<td style=\"text-align: center;\">20UDA<\/td>\n<\/tr>\n<tr>\n<td>50.001 &#8211; 100.000<\/td>\n<td style=\"text-align: center;\">30UDA<\/td>\n<\/tr>\n<tr>\n<td>100.001 \u00a0&#8211; 150.000<\/td>\n<td style=\"text-align: center;\">40UDA<\/td>\n<\/tr>\n<\/tbody>\n<\/table>\n<p>&nbsp;<\/p>\n<p>En caso de mayor cantidad de visitas mensuales el usuario pagar\u00e1 40 UDA adicional por mes\u00a0 por cada\u00a0 tramo de\u00a0 150.000 visitas mensuales.<\/p>\n<p><strong>DUBBING \u00a0O \u00a0SINCRONIZACION:<\/strong> \u00a0la \u00a0adaptaci\u00f3n,\u00a0\u00a0 arreglo\u00a0 \u00a0u \u00a0otra \u00a0transformaci\u00f3n\u00a0\u00a0 de obras musicales administradas por APA,\u00a0 con\u00a0 miras a su sincronizaci\u00f3n en mensajes publicitarios de cualquier g\u00e9nero,\u00a0 realizadas para ser difundidas a trav\u00e9s de cualquier medio de comunicaci\u00f3n al p\u00fablico, se establece la tarifa mediante acuerdo bilateral con los usuarios.<\/p>\n<p>Para la utilizaci\u00f3n l\u00edcita de las obras administradas por APA, ser\u00e1 menester un contrato individual de licencia, la misma que no afecta los derechos adquiridos con anterioridad por las empresas de edici\u00f3n a trav\u00e9s de contratos que hubieren suscrito con socios de APA, ni tampoco los derechos conexos por la utilizaci\u00f3n en cualquier forma del fonograma.<\/p>\n<p>Este punto es muy variable y no es f\u00e1cil establecer un par\u00e1metro \u00fanico. Se aplicar\u00e1 en la medida en que la Comisi\u00f3n Directiva o la Asamblea determinen una cl\u00e1usula espec\u00edfica en nuevos contratos de gesti\u00f3n con sus asociados.<\/p>\n<h3>CONCIERTOS VIA STREAMING<\/h3>\n<p><strong>COBRO DE CONCIERTOS EN STREAMING SIN COBRO ENTRADA:<\/strong> la tarifa imponible \u00a0se \u00a0calcular\u00e1 por el n\u00famero de visualizaciones durante el evento. En caso de retransmisi\u00f3n en otras plataformas se proceder\u00e1 al pago del 50% de la tarifa por plataforma adicional.<\/p>\n<p><strong>Tarifa 1:<\/strong><\/p>\n<p><strong>A <\/strong>&#8211; <strong>Con patrocinio corporativo:<\/strong> Tarifa m\u00ednima de 10 UDA por evento.<\/p>\n<p><strong>B <\/strong>&#8211; <strong>Con patrocinio Gubernamental o Municipal:<\/strong> Tarifa m\u00ednima de 3 UDA por evento.<\/p>\n<p><strong>C &#8211; Sin patrocinio:<\/strong> 3 a 5 UDA por evento.<\/p>\n<ul>\n<li>Autor\/productor autogestionado.\u00a0 \u00a0Grupos de covers, artistas que interpreten repertorio administrado por APA.<\/li>\n<li>Se adicionar\u00e1\u00a0\u00a0 a cada tarifa m\u00ednima, 2 UDA por cada tramo de 500 visualizaciones.<\/li>\n<\/ul>\n<p><strong>Tarifa 2:<\/strong><\/p>\n<ul>\n<li>2 UDA por cada obra utilizada.<\/li>\n<li>Se considerar\u00e1 descuentos de hasta el 50% en caso \u00a0de \u00a0fragmentos de obras.<\/li>\n<li>Eventos que quedan disponibles en la red, tendr\u00e1 un costo de 1,5 UDA por cada 500 visualizaciones.<\/li>\n<\/ul>\n<p><strong>COBRO DE CONCIERTOS VIA STREAMING CON COBRO DE ENTRADA:<\/strong> Para la aplicaci\u00f3n del c\u00e1lculo de la tarifa, se tendr\u00e1 en cuenta la relevancia de uso de las obras representadas y administradas, fijando\u00a0 una tarifa\u00a0 del 7%\u00a0 sobre\u00a0 el ingreso\u00a0 bruto\u00a0 total, en concepto de entradas, c\u00f3digos de accesos o similares, m\u00e1s los impuestos correspondientes.<\/p>\n<p>Se establece un m\u00e1ximo de hasta 10\u00ba\/o de cortes\u00eda sobre el total de ingresantes.<\/p>\n<p><strong>TARIFAS PAR, A \u00a0APLICACIONES \u00a0DE \u00a0SERVICIOS DIGITALES \u00a0POR \u00a0INTERNET DE INTERMEDIACION ENTRE TERCEROS:<\/strong> cuando estas a trav\u00e9s de estas aplicaciones se ofrezcan servicios comerciales en los que exista la posibilidad de reproducci\u00f3n fono mec\u00e1nica de obras, a trav\u00e9s de equipos de audio u televisi\u00f3n, streaming y otros, se impondr\u00e1 al titular \u00a0de \u00a0la \u00a0aplicaci\u00f3n\u00a0 \u00a0la \u00a0siguiente \u00a0tarifa:<\/p>\n<ul>\n<li><strong>Servicios de trasporte de personas:<\/strong> 0.5 UDA mensual por\u00a0 cada\u00a0 veh\u00edculo\u00a0 que utilice el servicio de la aplicaci\u00f3n.<\/li>\n<li><strong>Servicios de hospedaje:<\/strong> 0,5 UDA por cada unidad de alojamiento rentada de manera mensual, entendi\u00e9ndose por esta, el espacio f\u00edsico, unidad o habitaci\u00f3n que se dispone para el alquiler tempora<\/li>\n<\/ul>\n<h3>BENEFICIOS, BONIFICACIONES, INCENTIVOS.<\/h3>\n<p>Descuento de 1% por ayuda en la identificaci\u00f3n de las obras.<\/p>\n<p>Descuento de \u00a01% por puntualidad de pago. Para\u00a0 \u00a0el \u00a0caso \u00a0de \u00a0conciertos \u00a0virtuales\u00a0 \u00a0la liquidaci\u00f3n final deber\u00e1 ser realizada en el plazo de 30 \u00a0d\u00edas \u00a0de la realizaci\u00f3n \u00a0del evento.[\/vc_column_text][\/vc_column][vc_column width=\u00bb1\/3&#8243;][vc_column_text font_family=\u00bbMontserrat\u00bb]\n<pre><strong>GLOSARIO<\/strong>\r\n\r\n<strong>PREVIEW:<\/strong> escucha previa\u00a0 de\u00a0 un\u00a0 fragmento\u00a0 o la totalidad\u00a0 de\u00a0 una\u00a0 obra\u00a0 antes\u00a0 de\u00a0 decidir si se descarga (downloading).\r\n\r\n<strong>STREAMING:<\/strong> descarga de un archivo que no permite su fijaci\u00f3n en el disco duro del ordenador. El ejemplo es la radio en l\u00ednea.\r\n\r\n<strong>WEBCASTING:<\/strong> transmisi\u00f3n de audio o video exclusivamente por Internet.\r\n\r\n<strong>SIMULCASTING:<\/strong> posibilidad de acceder por Internet a una emisi\u00f3n de radiodifusi\u00f3n hertziana.\r\n\r\n<strong>DUBBING:<\/strong> \u00a0copia \u00a0de \u00a0fonogramas\u00a0 \u00a0con \u00a0el \u00a0\u00fanico \u00a0objeto \u00a0de \u00a0realizar\u00a0 \u00a0comunicaci\u00f3n\u00a0 \u00a0p\u00fablica.\r\n\r\n<strong>AMBIENTACI\u00d3N EN P\u00c1GINAS WEB:<\/strong> inclusi\u00f3n de toda o parte de una obra para musicalizar una obra accesible en Internet.\r\n\r\n<strong>PUBLICACI\u00d3N \u00a0DE LETRAS:<\/strong> \u00a0fijaci\u00f3n\u00a0 \u00a0en \u00a0un \u00a0soporte\u00a0 \u00a0digital\u00a0 \u00a0de \u00a0las \u00a0letras \u00a0de \u00a0una canci\u00f3n para posibilitar su acceso en diferentes formas.\r\n\r\n<strong>TARJETAS\u00a0 PREPAGAS:<\/strong>\u00a0 sistema de\u00a0 comercializaci\u00f3n de obras musicales a partir de la adquisici\u00f3n de un c\u00f3digo que permite acceder a las obras digitalizadas, con una m\u00e1xima calidad.\u00a0 Generalmente, se adicionan otros tipos de contenidos que resultan\u00a0\u00a0 de inter\u00e9s al p\u00fablico consumidor (letras, arte de tapa, informaci\u00f3n adicional, etc.).\r\n\r\n<strong>UPLOAD:<\/strong> creaci\u00f3n de bases de datos por internet, por ejemplo podcast, programas de televisi\u00f3n, radios o diarios, subidos\u00a0 a un\u00a0 hosting o sitio web en donde\u00a0 se pueda acceder a los mismos. La tarifa se calcular\u00e1 por la facturaci\u00f3n que haya tenido\u00a0 la comunicaci\u00f3n p\u00fablica de los mismos de manera \u00a0mensual, la cual ser\u00e1 remitida a APA mediante declaraci\u00f3n jurada.<\/pre>\n[\/vc_column_text][\/vc_column][\/vc_row]\n<\/div>","protected":false},"excerpt":{"rendered":"<p>[vc_row][vc_column width=\u00bb2\/3&#8243;][vc_column_text font_family=\u00bbMontserrat\u00bb] Derechos de Reproducci\u00f3n UP-LOADING: Elaboraci\u00f3n de una Base de Datos de obras musicales para ponerlas a disposici\u00f3n. Hasta 500 obras 500 Gs. (Equivalente a 0,60% de una UDA) por obra y\/o fragmento de 501 a 1.000 300&hellip;<\/p>\n","protected":false},"author":1,"featured_media":0,"parent":0,"menu_order":0,"comment_status":"closed","ping_status":"closed","template":"","meta":{"footnotes":""},"class_list":["post-699","page","type-page","status-publish","hentry","entry","no-media"],"_links":{"self":[{"href":"https:\/\/apapy.org\/sjapa\/wp-json\/wp\/v2\/pages\/699","targetHints":{"allow":["GET"]}}],"collection":[{"href":"https:\/\/apapy.org\/sjapa\/wp-json\/wp\/v2\/pages"}],"about":[{"href":"https:\/\/apapy.org\/sjapa\/wp-json\/wp\/v2\/types\/page"}],"author":[{"embeddable":true,"href":"https:\/\/apapy.org\/sjapa\/wp-json\/wp\/v2\/users\/1"}],"replies":[{"embeddable":true,"href":"https:\/\/apapy.org\/sjapa\/wp-json\/wp\/v2\/comments?post=699"}],"version-history":[{"count":28,"href":"https:\/\/apapy.org\/sjapa\/wp-json\/wp\/v2\/pages\/699\/revisions"}],"predecessor-version":[{"id":3573,"href":"https:\/\/apapy.org\/sjapa\/wp-json\/wp\/v2\/pages\/699\/revisions\/3573"}],"wp:attachment":[{"href":"https:\/\/apapy.org\/sjapa\/wp-json\/wp\/v2\/media?parent=699"}],"curies":[{"name":"wp","href":"https:\/\/api.w.org\/{rel}","templated":true}]}}