{"id":758,"date":"2020-11-05T10:10:03","date_gmt":"2020-11-05T10:10:03","guid":{"rendered":"https:\/\/apapy.org\/sjapa\/?page_id=758"},"modified":"2020-12-15T13:34:07","modified_gmt":"2020-12-15T13:34:07","slug":"planillas-de-actuacion-y-repertorio","status":"publish","type":"page","link":"https:\/\/apapy.org\/sjapa\/planillas-de-actuacion-y-repertorio\/","title":{"rendered":"Planillas de Actuaci\u00f3n y Repertorio"},"content":{"rendered":"<div class=\"wpb-content-wrapper\">[vc_row][vc_column][vc_column_text]El dinero para el pago de estas regal\u00edas se extrae directamente del importe recaudado del evento en el cual se utilizaron estas obras (previas deducciones administrativas y sociales). Si por alg\u00fan motivo la entidad no recaud\u00f3 por dicho evento, no se pagar\u00e1 por el repertorio utilizado, aunque las Planillas de Actuaci\u00f3n y Repertorio fueran presentadas a la entidad.[\/vc_column_text][\/vc_column][\/vc_row][vc_row][vc_column width=\u00bb1\/2&#8243;][vc_custom_heading text=\u00bbPlanilla de Actuaci\u00f3n y Repertorio\u00bb font_container=\u00bbtag:h3|text_align:center\u00bb use_theme_fonts=\u00bbyes\u00bb][vc_empty_space height=\u00bb12px\u00bb][vc_column_text]<a href=\"https:\/\/apapy.org\/sjapa\/wp-content\/uploads\/2020\/12\/PLANILLA-DE-ACTUACION-Y-REPERTORIO.pdf\" class=\"pdfemb-viewer\" style=\"width: 600px; \" data-width=\"600\" data-height=\"max\"  data-toolbar=\"top\" data-toolbar-fixed=\"on\">PLANILLA-DE-ACTUACION-Y-REPERTORIO<br\/><\/a>\n<p>La Planilla de Actuaci\u00f3n y Repertorio es un documento en el cual se inscribe el repertorio musical utilizado en una actuaci\u00f3n en vivo para luego volcar el valor de las regal\u00edas a los autores y compositores de estas obras.<\/p>\n<p><a href=\"https:\/\/apapy.org\/sjapa\/wp-content\/uploads\/2020\/12\/PLANILLA-DE-ACTUACION-Y-REPERTORIO.pdf\">Descargar<\/a>[\/vc_column_text][\/vc_column][vc_column width=\u00bb1\/2&#8243;][vc_custom_heading text=\u00bbPlanilla de Actuaci\u00f3n en TV\u00bb font_container=\u00bbtag:h3|text_align:center\u00bb use_theme_fonts=\u00bbyes\u00bb][vc_empty_space height=\u00bb12px\u00bb][vc_column_text]<a href=\"https:\/\/apapy.org\/sjapa\/wp-content\/uploads\/2020\/12\/PLANILLA-DE-ACTUACION-TV-v3.pdf\" class=\"pdfemb-viewer\" style=\"width: 600px; \" data-width=\"600\" data-height=\"max\"  data-toolbar=\"top\" data-toolbar-fixed=\"on\">PLANILLA-DE-ACTUACION-TV-v3<br\/><\/a>\n<p>Para el control de las obras difundidas en las actuaciones en vivo en medios televisivos, hemos generado espec\u00edficamente una Planilla de Actuaci\u00f3n en TV. De este modo, las obras inscriptas en estas planillas pueden ser identificadas y consideradas para el reparto y distribuci\u00f3n de las regal\u00edas, ya que el sistema de monitoreo que utiliza la entidad (Sistema Bmat) s\u00f3lo reconoce obras contenidas en fonogramas y que est\u00e9n previamente registradas.<\/p>\n<p><a href=\"https:\/\/apapy.org\/sjapa\/wp-content\/uploads\/2020\/12\/PLANILLA-DE-ACTUACION-TV-v3.pdf\">Descargar<\/a>[\/vc_column_text][\/vc_column][\/vc_row]\n<\/div>","protected":false},"excerpt":{"rendered":"<p>[vc_row][vc_column][vc_column_text]El dinero para el pago de estas regal\u00edas se extrae directamente del importe recaudado del evento en el cual se utilizaron estas obras (previas deducciones administrativas y sociales). Si por alg\u00fan motivo la entidad no recaud\u00f3 por dicho evento, no&hellip;<\/p>\n","protected":false},"author":1,"featured_media":0,"parent":0,"menu_order":0,"comment_status":"closed","ping_status":"closed","template":"","meta":{"footnotes":""},"class_list":["post-758","page","type-page","status-publish","hentry","entry","no-media"],"_links":{"self":[{"href":"https:\/\/apapy.org\/sjapa\/wp-json\/wp\/v2\/pages\/758","targetHints":{"allow":["GET"]}}],"collection":[{"href":"https:\/\/apapy.org\/sjapa\/wp-json\/wp\/v2\/pages"}],"about":[{"href":"https:\/\/apapy.org\/sjapa\/wp-json\/wp\/v2\/types\/page"}],"author":[{"embeddable":true,"href":"https:\/\/apapy.org\/sjapa\/wp-json\/wp\/v2\/users\/1"}],"replies":[{"embeddable":true,"href":"https:\/\/apapy.org\/sjapa\/wp-json\/wp\/v2\/comments?post=758"}],"version-history":[{"count":16,"href":"https:\/\/apapy.org\/sjapa\/wp-json\/wp\/v2\/pages\/758\/revisions"}],"predecessor-version":[{"id":3418,"href":"https:\/\/apapy.org\/sjapa\/wp-json\/wp\/v2\/pages\/758\/revisions\/3418"}],"wp:attachment":[{"href":"https:\/\/apapy.org\/sjapa\/wp-json\/wp\/v2\/media?parent=758"}],"curies":[{"name":"wp","href":"https:\/\/api.w.org\/{rel}","templated":true}]}}